{"id":17,"date":"2009-04-27T14:20:37","date_gmt":"2009-04-27T12:20:37","guid":{"rendered":"http:\/\/www.velehrad.org.uk\/?page_id=17"},"modified":"2024-06-30T19:42:05","modified_gmt":"2024-06-30T17:42:05","slug":"kontakt","status":"publish","type":"page","link":"https:\/\/www.velehrad.org.uk\/?page_id=17","title":{"rendered":"Kontakt"},"content":{"rendered":"<h3><b>VELEHRAD NEPOSKYTUJE UBYTOV\u00c1N\u00cd<\/b><\/h3>\n<h2><strong style=\"font-size: 16px; color: #191e23;\">Dopisy veden\u00ed Velehradu zas\u00edlejte pros\u00edm na:<\/strong><\/h2>\n<p style=\"font-weight: 400;\">Mrs. Ludmila Stane<\/p>\n<p style=\"font-weight: 400;\">Hon. Secretary &amp; Operations Manager<\/p>\n<p style=\"font-weight: 400;\">VELEHRAD<\/p>\n<p style=\"font-weight: 400;\">39 Lonsdale Road<\/p>\n<p style=\"font-weight: 400;\">Barnes<\/p>\n<p style=\"font-weight: 400;\">London SW13 9JP<\/p>\n<p style=\"font-weight: 400;\">Email:&nbsp;<a href=\"mailto:ludmilastane@gmail.com%20%20k\">ludmilastane@gmail.com<\/a><\/p>\n<p style=\"font-weight: 400;\">Web:&nbsp;<a href=\"http:\/\/www.velehrad.org.uk\/\" data-saferedirecturl=\"https:\/\/www.google.com\/url?q=http:\/\/www.velehrad.org.uk&amp;source=gmail&amp;ust=1557396729201000&amp;usg=AFQjCNFieqBL9KwnLU82HPFENgaz5Gab0w\">www.velehrad.org.uk<br><\/a><\/p>\n<p style=\"font-weight: 400;\"><strong>Komunikace\/spr\u00e1va webov\u00fdch str\u00e1nek:<\/strong><strong>&nbsp;<\/strong><\/p>\n<p style=\"font-weight: 400;\">Michaela Manton<\/p>\n<p style=\"font-weight: 400;\">Email:&nbsp;<a href=\"mailto:info@velehrad.org.uk\">contact@velehrad.org.uk<\/a><\/p>\n<h4><strong>Jak se na Velehrad dostat:<\/strong><\/h4>\n<p>VELEHRAD LONDON se nach\u00e1z\u00ed na 39 Lonsdale Road, Barnes, London SW13 9JP.<\/p>\n<p>Nejbli\u017e\u0161\u00ed metro je <strong>Hammersmith<\/strong> (District, Picadilly, Circle lines) a p\u011b\u0161ky p\u0159es most (15 min), nebo vlakem do <strong>Barnes<\/strong> nebo <strong>Barnes Bridge<\/strong> a<span class=\"m_-1732398285773379794apple-converted-space\">&nbsp;<\/span>bus 419 (zastav\u00ed p\u0159ed Velehradem \u2013 naproti St Pauls School)<span class=\"m_-1732398285773379794apple-converted-space\">.<\/span><\/p>\n\n<p><iframe loading=\"lazy\" src=\"https:\/\/www.google.com\/maps\/embed?pb=!1m18!1m12!1m3!1d4109.511384823359!2d-0.2392683649812527!3d51.4871620730621!2m3!1f0!2f0!3f0!3m2!1i1024!2i768!4f13.1!3m3!1m2!1s0x0%3A0xb6d16a4c5a1ef7bf!2sVELEHRAD%20LONDON!5e0!3m2!1sen!2scz!4v1575226967154!5m2!1sen!2scz\" width=\"600\" height=\"450\" frameborder=\"0\" style=\"border:0;\" allowfullscreen=\"\"><\/iframe><\/p>\n","protected":false},"excerpt":{"rendered":"<p>VELEHRAD NEPOSKYTUJE UBYTOV\u00c1N\u00cd Dopisy veden\u00ed Velehradu zas\u00edlejte pros\u00edm na: Mrs. Ludmila Stane Hon. Secretary &amp; Operations Manager VELEHRAD 39 Lonsdale Road Barnes London SW13 9JP Email:&nbsp;ludmilastane@gmail.com Web:&nbsp;www.velehrad.org.uk Komunikace\/spr\u00e1va webov\u00fdch str\u00e1nek:&nbsp; Michaela Manton Email:&nbsp;contact@velehrad.org.uk Jak se na Velehrad dostat: VELEHRAD LONDON se nach\u00e1z\u00ed na 39 Lonsdale Road,&hellip; <a class=\"read-more-link\" href=\"https:\/\/www.velehrad.org.uk\/?page_id=17\">\u010ct\u011bte v\u00edce<\/a><\/p>\n","protected":false},"author":1,"featured_media":0,"parent":0,"menu_order":0,"comment_status":"closed","ping_status":"closed","template":"","meta":{"ngg_post_thumbnail":0,"footnotes":""},"class_list":["post-17","page","type-page","status-publish","hentry"],"post_mailing_queue_ids":[],"_links":{"self":[{"href":"https:\/\/www.velehrad.org.uk\/index.php?rest_route=\/wp\/v2\/pages\/17","targetHints":{"allow":["GET"]}}],"collection":[{"href":"https:\/\/www.velehrad.org.uk\/index.php?rest_route=\/wp\/v2\/pages"}],"about":[{"href":"https:\/\/www.velehrad.org.uk\/index.php?rest_route=\/wp\/v2\/types\/page"}],"author":[{"embeddable":true,"href":"https:\/\/www.velehrad.org.uk\/index.php?rest_route=\/wp\/v2\/users\/1"}],"replies":[{"embeddable":true,"href":"https:\/\/www.velehrad.org.uk\/index.php?rest_route=%2Fwp%2Fv2%2Fcomments&post=17"}],"version-history":[{"count":32,"href":"https:\/\/www.velehrad.org.uk\/index.php?rest_route=\/wp\/v2\/pages\/17\/revisions"}],"predecessor-version":[{"id":8811,"href":"https:\/\/www.velehrad.org.uk\/index.php?rest_route=\/wp\/v2\/pages\/17\/revisions\/8811"}],"wp:attachment":[{"href":"https:\/\/www.velehrad.org.uk\/index.php?rest_route=%2Fwp%2Fv2%2Fmedia&parent=17"}],"curies":[{"name":"wp","href":"https:\/\/api.w.org\/{rel}","templated":true}]}}