{"id":2,"date":"2012-01-07T00:58:08","date_gmt":"2012-01-06T22:58:08","guid":{"rendered":"http:\/\/www.velehrad.org.uk\/?page_id=2"},"modified":"2025-11-06T22:02:17","modified_gmt":"2025-11-06T20:02:17","slug":"about","status":"publish","type":"page","link":"https:\/\/www.velehrad.org.uk\/?page_id=2","title":{"rendered":"O n\u00e1s"},"content":{"rendered":"<p><img loading=\"lazy\" decoding=\"async\" class=\"wp-image-6366 alignright\" src=\"http:\/\/www.velehrad.org.uk\/wp-content\/uploads\/2017\/10\/2IBLAVelehrad_David_GrandorgeDG01-300x202.jpg\" alt=\"\" width=\"272\" height=\"184\">VELEHRAD LONDON je registrovan\u00e1 anglick\u00e1 charita (number: 1154836) a Limited Company &nbsp;(number 08684201) se s\u00eddlem v 39 Lonsdale Road, Barnes, London, SW13 9JP.<\/p>\n<p><span style=\"color: #76a09b;\"><strong>\u00dakolem charity &nbsp;je pom\u00e1hat pot\u0159ebn\u00fdm migrant\u016fm ze zem\u00ed b\u00fdval\u00e9ho \u010ceskoslovenska, v oblasti vzd\u011bl\u00e1vac\u00ed a pastora\u010dn\u00ed.&nbsp;<\/strong><\/span><\/p>\n<p>Charita vlastn\u00ed v Barnes d\u016fm zvan\u00fd \u201cVelehrad\u201d, kde se konaj\u00ed kurzy \u010de\u0161tiny pro d\u011bti i dosp\u011bl\u00e9, slavnosti, vzpom\u00ednkov\u00e9 akce, prom\u00edt\u00e1n\u00ed film\u016f, p\u0159edn\u00e1\u0161ky, koncerty a ka\u017edou prvn\u00ed ned\u011bli v m\u011bs\u00edci \u010desk\u00e9 m\u0161e svat\u00e9.<\/p>\n<p><a href=\"http:\/\/www.velehrad.org.uk\/wp-content\/uploads\/2018\/05\/19-1.jpg\"><img loading=\"lazy\" decoding=\"async\" class=\"alignleft wp-image-6735\" src=\"http:\/\/www.velehrad.org.uk\/wp-content\/uploads\/2018\/05\/19-1-300x225.jpg\" alt=\"\" width=\"272\" height=\"204\"><\/a><\/p>\n<p>V dubnu 2013 se charita&nbsp;vyst\u011bhovala z domu na Ladbroke Square. Trustees na\u0161li vhodn\u011bj\u0161\u00ed prostory pro budouc\u00ed \u010dinnost VELEHRADU.&nbsp;D\u016fm na 39 Lonsdale Road, Barnes, London SW13 9JP byl p\u0159ed\u00e1n charit\u011b 8. ledna 2014. V\u00edce o rekonstrukci domu si m\u016f\u017eete p\u0159e\u010d\u00edst <a href=\"http:\/\/www.ibla.co.uk\/velehrad\">zde<\/a>.<\/p>\n<p>Zodpov\u011bdnost za finan\u010dn\u00ed a celkov\u00fd chod Velehradu m\u00e1 Spr\u00e1vn\u00ed Rada Charity \/ Trustees.<\/p>\n<h2><span style=\"color: #76a09b;\">Spr\u00e1vn\u00ed rada Velehradu\/Trustees<\/span><\/h2>\n<p><strong>Email:&nbsp;<a href=\"mailto:trustees@velehrad.org.uk\" target=\"_blank\" rel=\"noopener noreferrer\">trustees@velehrad.org.uk<\/a><\/strong><\/p>\n<p><strong>Anton\u00edn Stane<\/strong>&nbsp;&#8211; \u010dlen Spr\u00e1vn\u00ed rady\/Trustee chairman (od 1993)<\/p>\n<p><strong>Marta Tomsky<\/strong>&nbsp;&#8211; \u010dlenka Spr\u00e1vn\u00ed rady\/Trustee (od 2002)<\/p>\n<p><strong>Mirka Mondry &#8211;&nbsp;<\/strong>\u010dlenka Spr\u00e1vn\u00ed rady\/Trustee (od 30.5.2014)<\/p>\n<p><b>Josef Pazderka &#8211; <\/b>\u010dlen Spr\u00e1vn\u00ed rady\/Trustee (od 1.1.2025)<\/p>\n<p><strong>Ludmila Stane&nbsp;<\/strong>&#8211; Honorary Company Secretary&nbsp;<em>(ludmila@velehrad.org.uk)<\/em><\/p>\n<p>&nbsp;<\/p>\n<h2><span style=\"color: #76a09b;\">Otec Lang<\/span><a href=\"http:\/\/www.velehrad.org.uk\/wp-content\/uploads\/2012\/01\/otec-Lang-a-jezulatko11.jpg\"><img loading=\"lazy\" decoding=\"async\" class=\" wp-image-3373 alignright\" src=\"http:\/\/www.velehrad.org.uk\/wp-content\/uploads\/2012\/01\/otec-Lang-a-jezulatko11.jpg\" alt=\"otec Lang a jezulatko1\" width=\"191\" height=\"231\" srcset=\"https:\/\/www.velehrad.org.uk\/wp-content\/uploads\/2012\/01\/otec-Lang-a-jezulatko11.jpg 265w, https:\/\/www.velehrad.org.uk\/wp-content\/uploads\/2012\/01\/otec-Lang-a-jezulatko11-248x300.jpg 248w\" sizes=\"auto, (max-width: 191px) 100vw, 191px\" \/><\/a><\/h2>\n<p><em>&#8220;Jedna z nej\u010dist\u0161\u00edch du\u0161\u00ed, kterou jsem kdy potkala&#8221;<\/em>, p\u00ed\u0161e krajanka Jarmila Karas.<\/p>\n<p><strong>V pam\u011bti mnoh\u00fdch z\u016fstane jako mu\u017e pln\u00fd Boha, laskav\u00fd, tolerantn\u00ed, \u010dinorod\u00fd, citliv\u00fd k&nbsp;nouzi druh\u00fdch, \u010dlov\u011bk s velk\u00fdm a otev\u0159en\u00fdm srdcem a ne\u00fanavn\u00fd bojovn\u00edk proti komunistick\u00e9mu r\u011b\u017eimu&#8230;.<\/strong><\/p>\n<p><strong>\u017divotopis otce Langa<\/strong><\/p>\n<p><em>Zdroje: P. Franti\u0161ek Hylmar S.J, Krajan\u00e9 r\u00e1dio, jezuit.cz, \u010desky-dialog.cz<\/em><\/p>\n<p style=\"text-align: justify;\"><strong>Jan Lang se narodil 20. \u010dervna 1919 v Rajhrad\u011b u Brna<\/strong>, kde byl tak\u00e9 pok\u0159t\u011bn. Na popud rajhradsk\u00e9ho opata Hlobila nastoupil na velehradsk\u00e9 jezuitsk\u00e9 gymn\u00e1zium, aby se stal kn\u011bzem. Po \u0161esti letech studi\u00ed na Velehrad\u011b a dvou letech na Arcibiskupsk\u00e9m gymn\u00e1ziu v Praze vstoupil 8. z\u00e1\u0159\u00ed 1938 do jezuitsk\u00e9ho novici\u00e1tu v Bene\u0161ov\u011b u Prahy a v roce 1940 slo\u017eil sv\u00e9 prvn\u00ed \u0159eholn\u00ed sliby. V letech 1940-42 studoval v Bene\u0161ov\u011b a po zabr\u00e1n\u00ed tamn\u00ed koleje nacisty p\u0159e\u0161el na Velehrad, kde se v\u011bnoval filozofii. V roce 1943-44 pokra\u010doval v Praze na Strahov\u011b ve studiu teologie. V l\u00e9t\u011b 1944 byl spolu s ostatn\u00edmi studenty zat\u010den a do \u00fanora 1945 v\u011bzn\u011bn na Pankr\u00e1ci. Odtamtud byl p\u0159evezen do Mal\u00e9 pevnosti v Terez\u00edn\u011b, kde onemocn\u011bl tyfem, ale jako z\u00e1zrakem p\u0159e\u017eil. Hned v z\u00e1\u0159\u00ed 1945 odcestoval do Velk\u00e9 Brit\u00e1nie, aby na jezuitsk\u00e9 koleji Heythrop College dokon\u010dil teologick\u00e1 studia. Dne 8. z\u00e1\u0159\u00ed 1947 byl vysv\u011bcen na kn\u011bze a v letech 1948-49 vykonal t\u0159et\u00ed probaci v&nbsp;centru St. Beuno\u00b4s ve Walesu. Posledn\u00ed sliby slo\u017eil 2. \u00fanora 1956 v Lond\u00fdn\u011b.<\/p>\n<p style=\"text-align: justify;\">Zat\u00edmco se p\u0159ipravoval na sv\u00e9 posl\u00e1n\u00ed katolick\u00e9ho kn\u011bze, v&nbsp;jeho rodn\u00e9m \u010ceskoslovensku, kam se pl\u00e1noval po vysv\u011bcen\u00ed vr\u00e1tit, se situace kvapem zhor\u0161ovala. \u00danorov\u00fd p\u0159evrat ho zastihl st\u00e1le je\u0161t\u011b v&nbsp;Anglii, a kdy\u017e do Lond\u00fdna za\u010dali proudit prvn\u00ed uprchl\u00edci, pom\u00e1hal jim, jak se dalo.<\/p>\n<p style=\"text-align: justify;\"><strong>Nakonec se pr\u00e1v\u011b pomoc krajan\u016fm v&nbsp;zahrani\u010d\u00ed stala celo\u017eivotn\u00edm posl\u00e1n\u00edm otce Langa. V pam\u011bti mnoh\u00fdch z\u016fstane jako mu\u017e pln\u00fd Boha, laskav\u00fd, tolerantn\u00ed, \u010dinorod\u00fd, citliv\u00fd k&nbsp;nouzi druh\u00fdch, \u010dlov\u011bk s velk\u00fdm a otev\u0159en\u00fdm srdcem a ne\u00fanavn\u00fd bojovn\u00edk proti komunistick\u00e9mu r\u011b\u017eimu.<\/strong><\/p>\n<p style=\"text-align: justify;\">Od roku 1949 pracoval v \u010deskoslovensk\u00e9 misii, v katolick\u00e9 akci a ve \u0161kole, kterou s\u00e1m zalo\u017eil. V\u00edce ne\u017e \u010dty\u0159icet let p\u0159ipravoval \u010desk\u00e9 n\u00e1bo\u017eensk\u00e9 promluvy v r\u00e1diu BBC a v&nbsp;roce 1949 byly z jeho iniciativy zah\u00e1jeny pravideln\u00e9 bohoslu\u017eby pro krajany, kter\u00e9 se konaly v&nbsp;jezuitsk\u00e9m dom\u011b na Farm Street, v n\u011bm\u017e tak\u00e9 od roku 1954 bydlel.&nbsp; Spolupracoval na vyd\u00e1v\u00e1n\u00ed <em>V\u011bstn\u00edku<\/em> Cyrilometod\u011bjsk\u00e9 ligy, kter\u00fd byl po n\u011bkolika \u010d\u00edslech p\u0159ejmenov\u00e1n na <em>Nov\u00fd \u017eivot<\/em> a od roku 1954 vych\u00e1zel jako krajansk\u00e9 n\u00e1bo\u017eensk\u00e9 periodikum v \u0158\u00edm\u011b.<\/p>\n<p style=\"text-align: justify;\"><strong>Otec Lang se v\u00fdznamn\u011b pod\u00edlel na aktivit\u00e1ch \u010deskoslovensk\u00e9 emigrace v&nbsp;Lond\u00fdn\u011b<\/strong> a na zalo\u017een\u00ed lond\u00fdnsk\u00e9 pobo\u010dky V\u00fdboru na obranu nespravedliv\u011b st\u00edhan\u00fdch (VONS), kter\u00e1 vyd\u00e1vala tiskoviny a&nbsp;po\u0159\u00e1dala protestn\u00ed akce na podporu \u010deskoslovensk\u00fdch politick\u00fdch v\u011bz\u0148\u016f.<em> S<\/em>t\u00e1l u zrodu Naardensk\u00e9ho hnut\u00ed (1968), kter\u00e9 bojovalo za lidsk\u00e1 pr\u00e1va, a i<em>nicioval lond\u00fdnsk\u00fd pomn\u00edk Janu Palachovi. <\/em><strong>Za pr\u00e1ci pro krajanskou komunitu v&nbsp;Brit\u00e1nii a za podporu \u010deskoslovensk\u00e9ho disentu mu v roce 1991 prezident V\u00e1clav Havel ud\u011blil \u0158\u00e1d T. G. Masaryka.<\/strong><\/p>\n<p style=\"text-align: justify;\"><strong>Z\u00e1sadn\u00edm d\u00edlem otce Langa byla spolupr\u00e1ce na zalo\u017een\u00ed n\u00e1bo\u017eensk\u00e9ho, kulturn\u00edho a soci\u00e1ln\u00edho st\u0159ediska Velehrad, k n\u011bmu\u017e do\u0161lo v Lond\u00fdn\u011b v roce 1964.<\/strong> Pou\u017eil na n\u011bj i pen\u00edze, kter\u00e9 dostal od n\u011bmeck\u00e9 vl\u00e1dy jako od\u0161kodn\u011bn\u00ed za v\u011bzn\u011bn\u00ed v&nbsp;Terez\u00edn\u011b.<\/p>\n<p style=\"text-align: justify;\"><strong>Velehrad slou\u017eil jako n\u00e1bo\u017eensk\u00e9 i kulturn\u00ed st\u0159edisko a postupn\u011b se z&nbsp; \u00fato\u010di\u0161t\u011b pro lidi v&nbsp;nouzi prom\u011bnil v&nbsp;p\u0159\u00edjemn\u00e9 m\u00edsto setk\u00e1v\u00e1n\u00ed krajan\u016f<\/strong>. Vznikla zde \u017eiv\u00e1 komunita, v n\u00ed\u017e si lid\u00e9 vz\u00e1jemn\u011b mohli p\u0159ed\u00e1vat sv\u00e9 zku\u0161enosti a \u0159e\u0161it probl\u00e9my a mnoz\u00ed zde nalezli i sv\u00e9 \u017eivotn\u00ed partnery. V&nbsp;prostor\u00e1ch Velehradu fungovala ned\u011bln\u00ed \u0161kola a p\u011bveck\u00fd sbor.&nbsp; Po\u0159\u00e1daly se zde p\u0159edn\u00e1\u0161ky, spole\u010densk\u00e9 akce a sch\u016fzky kulturn\u00edch organizac\u00ed, nap\u0159\u00edklad sdru\u017een\u00ed Spole\u010dnost pro v\u011bdy a um\u011bn\u00ed. <strong>A\u017e do posledn\u00edch chvil vytv\u00e1\u0159el otec Lang neoby\u010dejn\u011b pohostinnou a p\u0159\u00e1telskou atmosf\u00e9ru, z n\u00ed\u017e n\u00e1v\u0161t\u011bvn\u00edci st\u0159ediska \u010derpaj\u00ed lidskou a duchovn\u00ed posilu dodnes.<\/strong><\/p>\n<p style=\"text-align: justify;\">Ke konci \u017eivota otec Lang p\u0159enechal veden\u00ed domu&nbsp;koleg\u016fm ve Spr\u00e1vn\u00ed rad\u011b charity &#8211; Trustees (kter\u00e9 d\u016fm leg\u00e1ln\u011b pat\u0159\u00ed), ale denn\u011b na Velehrad doj\u00ed\u017ed\u011bl. Dne 7. \u00fanora 2007 byl p\u0159evezen do nemocnice St. Mary\u00b4s Hospital v Paddingtonu, kde <strong>21. b\u0159ezna 2007 r\u00e1no zem\u0159el<\/strong>.<\/p>\n<p style=\"text-align: justify;\"><strong>V pam\u011bti mnoh\u00fdch z\u016fstane jako mu\u017e pln\u00fd Boha, laskav\u00fd, tolerantn\u00ed, \u010dinorod\u00fd, citliv\u00fd k&nbsp;nouzi druh\u00fdch, \u010dlov\u011bk s velk\u00fdm a otev\u0159en\u00fdm srdcem a ne\u00fanavn\u00fd bojovn\u00edk proti komunistick\u00e9mu r\u011b\u017eimu.<\/strong><\/p>\n<p style=\"text-align: justify;\"><strong>&nbsp;<\/strong><\/p>\n<h2><span style=\"color: #76a09b;\">Odpov\u011b\u010f na ot\u00e1zky ohledn\u011b ubytov\u00e1n\u00ed<\/span><\/h2>\n<p><strong>Na lond\u00fdnsk\u00e9m Velehrad\u011b se ji\u017e od l\u00e9ta 2012&nbsp;ubytov\u00e1n\u00ed neposkytuje.<\/strong> Nadace, kter\u00e9 d\u016fm Notting Hill pat\u0159il, se rozhodla krajansk\u00e9 st\u0159edisko p\u0159est\u011bhovat do vhodn\u011bj\u0161\u00edch prostor, ale ubytov\u00e1n\u00ed ji\u017e poskytovat nebude. Levn\u00e9 ubytov\u00e1n\u00ed pro turisty nen\u00ed posl\u00e1n\u00edm t\u00e9to nadace \/ charity. To, \u017ee n\u011bkolik let byl d\u016fm d\u00e1n k dispozici hromadn\u00e9mu, levn\u00e9mu hostelov\u00e9mu ubytov\u00e1n\u00ed, m\u011blo bohu\u017eel za n\u00e1sledek, \u017ee d\u016fm ch\u00e1tral a nadace nem\u011bla dost prost\u0159edk\u016f na nutn\u00e9 opravy.<\/p>\n","protected":false},"excerpt":{"rendered":"<p>VELEHRAD LONDON je registrovan\u00e1 anglick\u00e1 charita (number: 1154836) a Limited Company &nbsp;(number 08684201) se s\u00eddlem v 39 Lonsdale Road, Barnes, London, SW13 9JP. \u00dakolem charity &nbsp;je pom\u00e1hat pot\u0159ebn\u00fdm migrant\u016fm ze zem\u00ed b\u00fdval\u00e9ho \u010ceskoslovenska, v oblasti vzd\u011bl\u00e1vac\u00ed a pastora\u010dn\u00ed.&nbsp; Charita vlastn\u00ed v Barnes d\u016fm zvan\u00fd \u201cVelehrad\u201d, kde&hellip; <a class=\"read-more-link\" href=\"https:\/\/www.velehrad.org.uk\/?page_id=2\">\u010ct\u011bte v\u00edce<\/a><\/p>\n","protected":false},"author":1,"featured_media":0,"parent":0,"menu_order":0,"comment_status":"closed","ping_status":"closed","template":"","meta":{"ngg_post_thumbnail":0,"footnotes":""},"class_list":["post-2","page","type-page","status-publish","hentry"],"post_mailing_queue_ids":[],"_links":{"self":[{"href":"https:\/\/www.velehrad.org.uk\/index.php?rest_route=\/wp\/v2\/pages\/2","targetHints":{"allow":["GET"]}}],"collection":[{"href":"https:\/\/www.velehrad.org.uk\/index.php?rest_route=\/wp\/v2\/pages"}],"about":[{"href":"https:\/\/www.velehrad.org.uk\/index.php?rest_route=\/wp\/v2\/types\/page"}],"author":[{"embeddable":true,"href":"https:\/\/www.velehrad.org.uk\/index.php?rest_route=\/wp\/v2\/users\/1"}],"replies":[{"embeddable":true,"href":"https:\/\/www.velehrad.org.uk\/index.php?rest_route=%2Fwp%2Fv2%2Fcomments&post=2"}],"version-history":[{"count":122,"href":"https:\/\/www.velehrad.org.uk\/index.php?rest_route=\/wp\/v2\/pages\/2\/revisions"}],"predecessor-version":[{"id":8925,"href":"https:\/\/www.velehrad.org.uk\/index.php?rest_route=\/wp\/v2\/pages\/2\/revisions\/8925"}],"wp:attachment":[{"href":"https:\/\/www.velehrad.org.uk\/index.php?rest_route=%2Fwp%2Fv2%2Fmedia&parent=2"}],"curies":[{"name":"wp","href":"https:\/\/api.w.org\/{rel}","templated":true}]}}