{"id":6556,"date":"2018-04-27T21:29:29","date_gmt":"2018-04-27T19:29:29","guid":{"rendered":"http:\/\/www.velehrad.org.uk\/?page_id=6556"},"modified":"2024-04-29T19:53:05","modified_gmt":"2024-04-29T17:53:05","slug":"odkazy","status":"publish","type":"page","link":"https:\/\/www.velehrad.org.uk\/?page_id=6556","title":{"rendered":"Odkazy"},"content":{"rendered":"<ul class=\"xoxo blogroll\">\n<li><a href=\"http:\/\/www.antonintucapsky.com\">ANTON\u00cdN TU\u010cAPSK\u00dd<\/a><\/li>\n<li><a title=\"Arcibiskupstv\u00ed pra\u017esk\u00e9\" href=\"http:\/\/www.apha.cz\/\" target=\"_blank\" rel=\"noopener\">ARCIBISKUPSTV\u00cd PRA\u017dSK\u00c9<\/a><\/li>\n<li><a title=\"BRITISH CZECH AND SLOVAK ASSOCIATION \u2013 Information and services for Czechs and Slovaks in the UK\" href=\"http:\/\/www.bcsa.co.uk\/\" target=\"_blank\" rel=\"noopener\">BRITISH CZECH AND SLOVAK ASSOCIATION<\/a><\/li>\n<li><a title=\"\u010ce\u0161i a Slov\u00e1ci v Lond\u00fdn\u011b (Facebook)\" href=\"https:\/\/www.facebook.com\/czechoslovakia.uk\/?fref=ts\" target=\"_blank\" rel=\"noopener\">\u010cE\u0160I A SLOV\u00c1CI V LOND\u00ddN\u011a<\/a><\/li>\n<li><a title=\"\u010cesk\u00e1 provincie Tovary\u0161stva Je\u017e\u00ed\u0161ova\" href=\"http:\/\/www.jesuit.cz\/\" target=\"_blank\" rel=\"noopener\">\u010cESK\u00c1 PROVINCIE TOVARY\u0160STVA JE\u017d\u00cd\u0160OVA<\/a><\/li>\n<li><a href=\"http:\/\/www.czechandslovakclub.co.uk\/\" target=\"_blank\" rel=\"noopener\">CZECH AND SLOVAK CLUB IN LONDON<\/a><\/li>\n<li><a href=\"http:\/\/www.cbcc.org.uk\/\" target=\"_blank\" rel=\"noopener\">CZECH BRITISH CHAMBER OF COMMERCE<\/a><\/li>\n<li><a title=\"Czech Centre in London\" href=\"http:\/\/www.czechcentre.org.uk\/\" target=\"_blank\" rel=\"noopener\">CZECH CENTRE LONDON<\/a><\/li>\n<li><a href=\"http:\/\/www.okenko.uk\/\" target=\"_blank\" rel=\"noopener\">\u010cESKOSLOVENSK\u00c9 OK\u00c9NKO<\/a><\/li>\n<li><a title=\"The Emmy Destinn Foundation is dedicated to upholding the legacy of the greatest Czech diva by supporting young singers in the early stages of their careers\" href=\"http:\/\/www.destinn.com\/\" target=\"_blank\" rel=\"noopener\">EMMY DESTINN FOUNDATION<\/a><\/li>\n<li><a title=\"The friends of Czech historic buildings, gardens and parks\" href=\"http:\/\/www.czechfriends.net\/\" target=\"_blank\" rel=\"noopener\">FRIENDS OF CZECH HERITAGE<\/a><\/li>\n<li><a href=\"http:\/\/www.ibla.co.uk\/\" target=\"_blank\" rel=\"noopener\">IBLA \u2013 LONDON HOUSING PROJECT<\/a><\/li>\n<li><a title=\"Pam\u00e1tka na jana Palacha\" href=\"http:\/\/www.janpalach.cz\/\" target=\"_blank\" rel=\"noopener\">JAN PALACH<\/a><\/li>\n<li><a href=\"http:\/\/kds.op.cz\/turisticke-ubytovani\" target=\"_blank\" rel=\"noopener\">KATOLICK\u00dd D\u016eM STUDUJ\u00cdC\u00cdCH<\/a><\/li>\n<li><a title=\"Katolick\u00fd t\u00fdden\u00edk\" href=\"http:\/\/www.katyd.cz\/\" target=\"_blank\" rel=\"noopener\">KATOLICK\u00dd T\u00ddDEN\u00cdK<\/a><\/li>\n<li><a title=\"V\u00edtejte na str\u00e1nk\u00e1ch projektu Man\u017eelstv\u00ed.cz \u2013 Jsme p\u0159esv\u011bd\u010deni o tom, \u017ee i v dne\u0161n\u00ed dob\u011b m\u00e1 celo\u017eivotn\u00ed spole\u010denstv\u00ed mu\u017ee a \u017eeny sv\u016fj hlubok\u00fd smysl a vysokou hodnotu\" href=\"http:\/\/www.manzelstvi.cz\/\" target=\"_blank\" rel=\"noopener\">MAN\u017dELSTV\u00cd.CZ<\/a><\/li>\n<li><a href=\"https:\/\/www.velka-britanie.co.uk\/\" target=\"_blank\" rel=\"noopener\">ONLINE MAGAZ\u00cdN VELK\u00c1 BRIT\u00c1NIE<\/a><\/li>\n<li><a title=\"Zveme V\u00e1s ke vstupu do \u201cposv\u00e1tn\u00e9ho prostoru\u201d a nab\u00edz\u00edme V\u00e1m n\u011bkolik minut modlitby.\" href=\"http:\/\/www.modlitba.net\/\" target=\"_blank\" rel=\"noopener\">POSV\u00c1TN\u00dd PROSTOR<\/a><\/li>\n<li><a href=\"https:\/\/www.svu2000.org\/london\/\" target=\"_blank\" rel=\"noopener\">SPOLE\u010cNOST PRO V\u011aDY A UM\u011aN\u00cd<\/a><\/li>\n<li><a title=\"The Dvorak Society\" href=\"http:\/\/www.dvorak-society.org\/\" target=\"_blank\" rel=\"noopener\">THE DVORAK SOCIETY (FOR CZECH AND SLOVAK MUSIC)<\/a><\/li>\n<li><a href=\"http:\/\/www.londyn.cz\/\" target=\"_blank\" rel=\"noopener\">UBYTOV\u00c1N\u00cd A PR\u00c1CE V LOND\u00ddN\u011a<\/a><\/li>\n<li><a title=\"The Embassy of the Slovak Republic in London Address: 25, Kensington Palace Gardens W8 4QY London\" href=\"http:\/\/www.mzv.sk\/londyn\" target=\"_blank\" rel=\"noopener\">VEL&#8217;VYSLANECTVO SR V LOND\u00ddNE<\/a><\/li>\n<li><a title=\"Velvyslanectv\u00ed \u010cesk\u00e9 republiky 26 \u2013 30 Kensington Palace Gardens London W8 4QY\" href=\"http:\/\/www.mzv.cz\/london\" target=\"_blank\" rel=\"noopener\">VELVYSLANECTV\u00cd \u010cESK\u00c9 REPUBLIKY V LOND\u00ddN\u011a<\/a><\/li>\n<\/ul>\n","protected":false},"excerpt":{"rendered":"<p>ANTON\u00cdN TU\u010cAPSK\u00dd ARCIBISKUPSTV\u00cd PRA\u017dSK\u00c9 BRITISH CZECH AND SLOVAK ASSOCIATION \u010cE\u0160I A SLOV\u00c1CI V LOND\u00ddN\u011a \u010cESK\u00c1 PROVINCIE TOVARY\u0160STVA JE\u017d\u00cd\u0160OVA CZECH AND SLOVAK CLUB IN LONDON CZECH BRITISH CHAMBER OF COMMERCE CZECH CENTRE LONDON \u010cESKOSLOVENSK\u00c9 OK\u00c9NKO EMMY DESTINN FOUNDATION FRIENDS OF CZECH HERITAGE IBLA \u2013 LONDON HOUSING PROJECT&hellip; <a class=\"read-more-link\" href=\"https:\/\/www.velehrad.org.uk\/?page_id=6556\">\u010ct\u011bte v\u00edce<\/a><\/p>\n","protected":false},"author":1,"featured_media":0,"parent":0,"menu_order":0,"comment_status":"closed","ping_status":"closed","template":"aster-fullwidth.php","meta":{"ngg_post_thumbnail":0,"footnotes":""},"class_list":["post-6556","page","type-page","status-publish","hentry"],"post_mailing_queue_ids":[],"_links":{"self":[{"href":"https:\/\/www.velehrad.org.uk\/index.php?rest_route=\/wp\/v2\/pages\/6556","targetHints":{"allow":["GET"]}}],"collection":[{"href":"https:\/\/www.velehrad.org.uk\/index.php?rest_route=\/wp\/v2\/pages"}],"about":[{"href":"https:\/\/www.velehrad.org.uk\/index.php?rest_route=\/wp\/v2\/types\/page"}],"author":[{"embeddable":true,"href":"https:\/\/www.velehrad.org.uk\/index.php?rest_route=\/wp\/v2\/users\/1"}],"replies":[{"embeddable":true,"href":"https:\/\/www.velehrad.org.uk\/index.php?rest_route=%2Fwp%2Fv2%2Fcomments&post=6556"}],"version-history":[{"count":16,"href":"https:\/\/www.velehrad.org.uk\/index.php?rest_route=\/wp\/v2\/pages\/6556\/revisions"}],"predecessor-version":[{"id":8779,"href":"https:\/\/www.velehrad.org.uk\/index.php?rest_route=\/wp\/v2\/pages\/6556\/revisions\/8779"}],"wp:attachment":[{"href":"https:\/\/www.velehrad.org.uk\/index.php?rest_route=%2Fwp%2Fv2%2Fmedia&parent=6556"}],"curies":[{"name":"wp","href":"https:\/\/api.w.org\/{rel}","templated":true}]}}