{"id":7483,"date":"2019-02-20T17:16:58","date_gmt":"2019-02-20T15:16:58","guid":{"rendered":"http:\/\/www.velehrad.org.uk\/?page_id=7483"},"modified":"2024-01-09T10:30:49","modified_gmt":"2024-01-09T08:30:49","slug":"kulturni-akce","status":"publish","type":"page","link":"https:\/\/www.velehrad.org.uk\/?page_id=7483","title":{"rendered":"Na\u0161e akce"},"content":{"rendered":"\n<p>Velehrad ka\u017edoro\u010dn\u011b po\u0159\u00e1d\u00e1 ve spolupr\u00e1ci s dal\u0161\u00edmi organizacemi mnoho kulturn\u00edch akc\u00ed jak pro \u010desk\u00e9 a slovensk\u00e9 krajany \u017eij\u00edc\u00ed ve Velk\u00e9 Brit\u00e1nii, tak i pro anglicky mluv\u00edc\u00ed hosty. V dom\u011b Velehradu v Barnes se pravideln\u011b konaj\u00ed hudebn\u00ed koncerty, r\u016fzn\u00e9 slavnosti \u010di filmov\u00e1 p\u0159edstaven\u00ed.<br><br><\/p>\n\n\n\n<figure class=\"wp-block-gallery has-nested-images columns-5 is-cropped wp-block-gallery-1 is-layout-flex wp-block-gallery-is-layout-flex\">\n<figure class=\"wp-block-image\"><img loading=\"lazy\" decoding=\"async\" width=\"640\" height=\"478\" data-id=\"7371\" src=\"http:\/\/www.velehrad.org.uk\/wp-content\/uploads\/2019\/02\/IMG_1803.jpg\" alt=\"\" class=\"wp-image-7371\" srcset=\"https:\/\/www.velehrad.org.uk\/wp-content\/uploads\/2019\/02\/IMG_1803.jpg 640w, https:\/\/www.velehrad.org.uk\/wp-content\/uploads\/2019\/02\/IMG_1803-300x224.jpg 300w\" sizes=\"auto, (max-width: 640px) 100vw, 640px\" \/><\/figure>\n\n\n\n<figure class=\"wp-block-image\"><img loading=\"lazy\" decoding=\"async\" width=\"644\" height=\"429\" data-id=\"7230\" src=\"http:\/\/www.velehrad.org.uk\/wp-content\/uploads\/2018\/12\/DSC_0145-644x429.jpg\" alt=\"\" class=\"wp-image-7230\"\/><\/figure>\n\n\n\n<figure class=\"wp-block-image\"><img loading=\"lazy\" decoding=\"async\" width=\"644\" height=\"429\" data-id=\"6908\" src=\"http:\/\/www.velehrad.org.uk\/wp-content\/uploads\/2018\/06\/IMG_4853-644x429.jpg\" alt=\"\" class=\"wp-image-6908\" srcset=\"https:\/\/www.velehrad.org.uk\/wp-content\/uploads\/2018\/06\/IMG_4853-644x429.jpg 644w, https:\/\/www.velehrad.org.uk\/wp-content\/uploads\/2018\/06\/IMG_4853-300x200.jpg 300w, https:\/\/www.velehrad.org.uk\/wp-content\/uploads\/2018\/06\/IMG_4853-768x512.jpg 768w, https:\/\/www.velehrad.org.uk\/wp-content\/uploads\/2018\/06\/IMG_4853-272x182.jpg 272w\" sizes=\"auto, (max-width: 644px) 100vw, 644px\" \/><\/figure>\n\n\n\n<figure class=\"wp-block-image\"><img loading=\"lazy\" decoding=\"async\" width=\"644\" height=\"483\" data-id=\"6741\" src=\"http:\/\/www.velehrad.org.uk\/wp-content\/uploads\/2018\/05\/39-1-644x483.jpg\" alt=\"\" class=\"wp-image-6741\" srcset=\"https:\/\/www.velehrad.org.uk\/wp-content\/uploads\/2018\/05\/39-1-644x483.jpg 644w, https:\/\/www.velehrad.org.uk\/wp-content\/uploads\/2018\/05\/39-1-300x225.jpg 300w, https:\/\/www.velehrad.org.uk\/wp-content\/uploads\/2018\/05\/39-1-768x576.jpg 768w\" sizes=\"auto, (max-width: 644px) 100vw, 644px\" \/><\/figure>\n\n\n\n<figure class=\"wp-block-image\"><img loading=\"lazy\" decoding=\"async\" width=\"644\" height=\"483\" data-id=\"6735\" src=\"http:\/\/www.velehrad.org.uk\/wp-content\/uploads\/2018\/05\/19-1-644x483.jpg\" alt=\"\" class=\"wp-image-6735\"\/><\/figure>\n<\/figure>\n\n\n\n<p><\/p>\n\n\n\n<figure class=\"wp-block-gallery has-nested-images columns-0 is-cropped wp-block-gallery-2 is-layout-flex wp-block-gallery-is-layout-flex\"><\/figure>\n\n\n\n<p><\/p>\n\n\n\n<p><\/p>\n\n\n\n<p><\/p>\n","protected":false},"excerpt":{"rendered":"<p>Velehrad ka\u017edoro\u010dn\u011b po\u0159\u00e1d\u00e1 ve spolupr\u00e1ci s dal\u0161\u00edmi organizacemi mnoho kulturn\u00edch akc\u00ed jak pro \u010desk\u00e9 a slovensk\u00e9 krajany \u017eij\u00edc\u00ed ve Velk\u00e9 Brit\u00e1nii, tak i pro anglicky mluv\u00edc\u00ed hosty. V dom\u011b Velehradu v Barnes se pravideln\u011b konaj\u00ed hudebn\u00ed koncerty, r\u016fzn\u00e9 slavnosti \u010di filmov\u00e1 p\u0159edstaven\u00ed.<\/p>\n","protected":false},"author":1,"featured_media":0,"parent":0,"menu_order":0,"comment_status":"closed","ping_status":"closed","template":"","meta":{"ngg_post_thumbnail":0,"footnotes":""},"class_list":["post-7483","page","type-page","status-publish","hentry"],"post_mailing_queue_ids":[],"_links":{"self":[{"href":"https:\/\/www.velehrad.org.uk\/index.php?rest_route=\/wp\/v2\/pages\/7483","targetHints":{"allow":["GET"]}}],"collection":[{"href":"https:\/\/www.velehrad.org.uk\/index.php?rest_route=\/wp\/v2\/pages"}],"about":[{"href":"https:\/\/www.velehrad.org.uk\/index.php?rest_route=\/wp\/v2\/types\/page"}],"author":[{"embeddable":true,"href":"https:\/\/www.velehrad.org.uk\/index.php?rest_route=\/wp\/v2\/users\/1"}],"replies":[{"embeddable":true,"href":"https:\/\/www.velehrad.org.uk\/index.php?rest_route=%2Fwp%2Fv2%2Fcomments&post=7483"}],"version-history":[{"count":39,"href":"https:\/\/www.velehrad.org.uk\/index.php?rest_route=\/wp\/v2\/pages\/7483\/revisions"}],"predecessor-version":[{"id":8744,"href":"https:\/\/www.velehrad.org.uk\/index.php?rest_route=\/wp\/v2\/pages\/7483\/revisions\/8744"}],"wp:attachment":[{"href":"https:\/\/www.velehrad.org.uk\/index.php?rest_route=%2Fwp%2Fv2%2Fmedia&parent=7483"}],"curies":[{"name":"wp","href":"https:\/\/api.w.org\/{rel}","templated":true}]}}